{"id":2,"date":"2025-09-15T14:54:19","date_gmt":"2025-09-15T14:54:19","guid":{"rendered":"https:\/\/mailbridgeapi.com\/?page_id=2"},"modified":"2025-09-15T14:54:19","modified_gmt":"2025-09-15T14:54:19","slug":"sample-page","status":"publish","type":"page","link":"https:\/\/mailbridgeapi.com\/it\/sample-page\/","title":{"rendered":"Sample Page"},"content":{"rendered":"<p>Questa \u00e8 una pagina di esempio. \u00c8 diversa da un articolo del blog perch\u00e9 rimarr\u00e0 sempre nella stessa posizione e apparir\u00e0 nel menu di navigazione del sito (nella maggior parte dei temi). Molti iniziano con una pagina &quot;Chi siamo&quot; che li presenta ai potenziali visitatori del sito. Potrebbe contenere qualcosa del genere:<\/p>\n\n\n\n<blockquote class=\"wp-block-quote is-layout-flow wp-block-quote-is-layout-flow\"><p>Ciao! Di giorno faccio il fattorino in bicicletta, di notte aspiro a diventare attore, e questo \u00e8 il mio sito web. Vivo a Los Angeles, ho un cane fantastico di nome Jack e mi piacciono le pi\u00f1a colada. (E farmi sorprendere dalla pioggia.)<\/p><\/blockquote>\n\n\n\n<p>\u2026oppure qualcosa del genere:<\/p>\n\n\n\n<blockquote class=\"wp-block-quote is-layout-flow wp-block-quote-is-layout-flow\"><p>La XYZ Doohickey Company \u00e8 stata fondata nel 1971 e da allora fornisce componenti di qualit\u00e0 al pubblico. Con sede a Gotham City, la XYZ impiega oltre 2.000 persone e svolge svariate attivit\u00e0 a beneficio della comunit\u00e0 di Gotham.<\/p><\/blockquote>\n\n\n\n<p>Come nuovo utente di WordPress, dovresti andare a <a href=\"https:\/\/mailbridgeapi.com\/wp-admin\/\">la tua dashboard<\/a> per eliminare questa pagina e crearne di nuove per i tuoi contenuti. Buon divertimento!<\/p>","protected":false},"excerpt":{"rendered":"<p>This is an example page. It&#8217;s different from a blog post because it will stay in one place and will show up in your site navigation<span class=\"excerpt-hellip\"> [\u2026]<\/span><\/p>","protected":false},"author":1,"featured_media":0,"parent":0,"menu_order":0,"comment_status":"closed","ping_status":"open","template":"","meta":{"_monsterinsights_skip_tracking":false,"_monsterinsights_sitenote_active":false,"_monsterinsights_sitenote_note":"","_monsterinsights_sitenote_category":0,"footnotes":""},"class_list":["post-2","page","type-page","status-publish","hentry"],"aioseo_notices":[],"_links":{"self":[{"href":"https:\/\/mailbridgeapi.com\/it\/wp-json\/wp\/v2\/pages\/2","targetHints":{"allow":["GET"]}}],"collection":[{"href":"https:\/\/mailbridgeapi.com\/it\/wp-json\/wp\/v2\/pages"}],"about":[{"href":"https:\/\/mailbridgeapi.com\/it\/wp-json\/wp\/v2\/types\/page"}],"author":[{"embeddable":true,"href":"https:\/\/mailbridgeapi.com\/it\/wp-json\/wp\/v2\/users\/1"}],"replies":[{"embeddable":true,"href":"https:\/\/mailbridgeapi.com\/it\/wp-json\/wp\/v2\/comments?post=2"}],"version-history":[{"count":0,"href":"https:\/\/mailbridgeapi.com\/it\/wp-json\/wp\/v2\/pages\/2\/revisions"}],"wp:attachment":[{"href":"https:\/\/mailbridgeapi.com\/it\/wp-json\/wp\/v2\/media?parent=2"}],"curies":[{"name":"wp","href":"https:\/\/api.w.org\/{rel}","templated":true}]}}